{"id":233,"date":"2025-07-25T13:31:59","date_gmt":"2025-07-25T13:31:59","guid":{"rendered":"http:\/\/185.156.219.144\/~z143079\/wines\/?page_id=233"},"modified":"2025-10-17T17:50:48","modified_gmt":"2025-10-17T17:50:48","slug":"nosotros","status":"publish","type":"page","link":"https:\/\/www.winesandspirits.com.py\/index.php\/nosotros\/","title":{"rendered":"nosotros"},"content":{"rendered":"\t\t<div data-elementor-type=\"wp-page\" data-elementor-id=\"233\" class=\"elementor elementor-233\" data-elementor-post-type=\"page\">\n\t\t\t\t<div class=\"elementor-element elementor-element-496b40e e-grid e-con-full e-con e-parent\" data-id=\"496b40e\" data-element_type=\"container\" data-e-type=\"container\" data-settings=\"{&quot;background_background&quot;:&quot;classic&quot;}\">\n\t\t<div class=\"elementor-element elementor-element-cdef885 e-con-full e-flex e-con e-child\" data-id=\"cdef885\" data-element_type=\"container\" data-e-type=\"container\">\n\t\t\t\t<div class=\"elementor-element elementor-element-61cb7cf elementor-widget elementor-widget-text-editor\" data-id=\"61cb7cf\" data-element_type=\"widget\" data-e-type=\"widget\" data-widget_type=\"text-editor.default\">\n\t\t\t\t\t\t\t\t\t<p><em>Somos l\u00edderes<\/em><br \/>en bebidas premium<\/p>\t\t\t\t\t\t\t\t<\/div>\n\t\t\t\t<\/div>\n\t\t\t\t<\/div>\n\t\t<div class=\"elementor-element elementor-element-cf734ac e-grid e-con-boxed e-con e-parent\" data-id=\"cf734ac\" data-element_type=\"container\" data-e-type=\"container\">\n\t\t\t\t\t<div class=\"e-con-inner\">\n\t\t<div class=\"elementor-element elementor-element-5a587a3 e-con-full e-flex e-con e-child\" data-id=\"5a587a3\" data-element_type=\"container\" data-e-type=\"container\">\n\t\t\t\t<div class=\"elementor-element elementor-element-b871b51 elementor-widget elementor-widget-heading\" data-id=\"b871b51\" data-element_type=\"widget\" data-e-type=\"widget\" data-widget_type=\"heading.default\">\n\t\t\t\t\t<h2 class=\"elementor-heading-title elementor-size-default\">Quienes somos<\/h2>\t\t\t\t<\/div>\n\t\t\t\t<div class=\"elementor-element elementor-element-0e46369 elementor-widget elementor-widget-text-editor\" data-id=\"0e46369\" data-element_type=\"widget\" data-e-type=\"widget\" data-widget_type=\"text-editor.default\">\n\t\t\t\t\t\t\t\t\t<p><span style=\"font-size: 1rem;\">En octubre de 2006 nace una alianza estrat\u00e9gica entre Distribuidora Gloria S.A. y EDESA, con el prop\u00f3sito de importar, representar y distribuir en exclusiva un portafolio de bebidas alcoh\u00f3licas Premium.<\/span><\/p><p>Desde entonces, nos consolidamos como representantes oficiales de DIAGEO, una de las compa\u00f1\u00edas l\u00edderes a nivel mundial en la industria de bebidas,una de las casas m\u00e1s ic\u00f3nicas del mundo en vinos, licores y destilados de alta gama.<\/p><p>Tambien, nuestro portafolio lleva otras bebidas premium como vinos, Aguas Premium, Nestle, Dark Dog nuestra marca ic\u00f3nica de energizantes y otros.<\/p>\t\t\t\t\t\t\t\t<\/div>\n\t\t\t\t<div class=\"elementor-element elementor-element-f337fbb elementor-widget elementor-widget-text-editor\" data-id=\"f337fbb\" data-element_type=\"widget\" data-e-type=\"widget\" data-widget_type=\"text-editor.default\">\n\t\t\t\t\t\t\t\t\t<p><em>Llevamos excelencia<\/em> a cada copa y <em>prestigio<\/em> a cada ocasi\u00f3n.<\/p>\t\t\t\t\t\t\t\t<\/div>\n\t\t\t\t<\/div>\n\t\t\t\t<div class=\"elementor-element elementor-element-7ae12e9 elementor-widget elementor-widget-image\" data-id=\"7ae12e9\" data-element_type=\"widget\" data-e-type=\"widget\" data-widget_type=\"image.default\">\n\t\t\t\t\t\t\t\t\t\t\t\t\t\t\t<img fetchpriority=\"high\" decoding=\"async\" width=\"776\" height=\"623\" src=\"https:\/\/www.winesandspirits.com.py\/wp-content\/uploads\/2025\/08\/rotulos-nosotros-01.webp\" class=\"attachment-large size-large wp-image-825\" alt=\"\" srcset=\"https:\/\/www.winesandspirits.com.py\/wp-content\/uploads\/2025\/08\/rotulos-nosotros-01.webp 776w, https:\/\/www.winesandspirits.com.py\/wp-content\/uploads\/2025\/08\/rotulos-nosotros-01-300x241.webp 300w, https:\/\/www.winesandspirits.com.py\/wp-content\/uploads\/2025\/08\/rotulos-nosotros-01-768x617.webp 768w\" sizes=\"(max-width: 776px) 100vw, 776px\" \/>\t\t\t\t\t\t\t\t\t\t\t\t\t\t\t<\/div>\n\t\t\t\t\t<\/div>\n\t\t\t\t<\/div>\n\t\t<div class=\"elementor-element elementor-element-2686fa3 e-grid e-con-boxed e-con e-parent\" data-id=\"2686fa3\" data-element_type=\"container\" data-e-type=\"container\">\n\t\t\t\t\t<div class=\"e-con-inner\">\n\t\t<div class=\"elementor-element elementor-element-18f013d e-con-full e-flex e-con e-child\" data-id=\"18f013d\" data-element_type=\"container\" data-e-type=\"container\">\n\t\t\t\t<div class=\"elementor-element elementor-element-0706287 elementor-position-top elementor-widget elementor-widget-image-box\" data-id=\"0706287\" data-element_type=\"widget\" data-e-type=\"widget\" data-widget_type=\"image-box.default\">\n\t\t\t\t\t<div class=\"elementor-image-box-wrapper\"><figure class=\"elementor-image-box-img\"><img decoding=\"async\" width=\"120\" height=\"120\" src=\"https:\/\/www.winesandspirits.com.py\/wp-content\/uploads\/2025\/07\/icono-mision-nosotros.webp\" class=\"elementor-animation-grow attachment-full size-full wp-image-308\" alt=\"\" \/><\/figure><div class=\"elementor-image-box-content\"><h3 class=\"elementor-image-box-title\">MISI\u00d3N<\/h3><p class=\"elementor-image-box-description\">Somos un equipo de profesionales que forman parte de una empresa importadora y comercializadora l\u00edder en la industria de bebidas premium, inspirados por nuestros consumidores, motivados por los valores \u00e9ticos, el desarrollo empresarial y social de nuestra comunidad, aspiramos a la excelencia, mejora continua y a la satisfacci\u00f3n de nuestros clientes y consumidores.<\/p><\/div><\/div>\t\t\t\t<\/div>\n\t\t\t\t<\/div>\n\t\t<div class=\"elementor-element elementor-element-77f2877 e-con-full e-flex e-con e-child\" data-id=\"77f2877\" data-element_type=\"container\" data-e-type=\"container\">\n\t\t\t\t<div class=\"elementor-element elementor-element-859d16d elementor-position-top elementor-widget elementor-widget-image-box\" data-id=\"859d16d\" data-element_type=\"widget\" data-e-type=\"widget\" data-widget_type=\"image-box.default\">\n\t\t\t\t\t<div class=\"elementor-image-box-wrapper\"><figure class=\"elementor-image-box-img\"><img decoding=\"async\" width=\"120\" height=\"120\" src=\"https:\/\/www.winesandspirits.com.py\/wp-content\/uploads\/2025\/07\/icono-vision-nosotros.webp\" class=\"elementor-animation-grow attachment-full size-full wp-image-319\" alt=\"\" \/><\/figure><div class=\"elementor-image-box-content\"><h3 class=\"elementor-image-box-title\">VISI\u00d3N<\/h3><p class=\"elementor-image-box-description\">A trav\u00e9s de un apropiado soporte profesional de nuestros recursos humanos y una permanente mejora de la calidad nuestra gesti\u00f3n, nos convertiremos en una empresa l\u00edder en distribuci\u00f3n de productos de alta calidad, con la seriedad y honestidad que nos motiva, colaborando activamente con el crecimiento social y econ\u00f3mico de la naci\u00f3n.<\/p><\/div><\/div>\t\t\t\t<\/div>\n\t\t\t\t<\/div>\n\t\t<div class=\"elementor-element elementor-element-f6824cb e-con-full e-flex e-con e-child\" data-id=\"f6824cb\" data-element_type=\"container\" data-e-type=\"container\">\n\t\t\t\t<div class=\"elementor-element elementor-element-185b709 elementor-position-top elementor-widget elementor-widget-image-box\" data-id=\"185b709\" data-element_type=\"widget\" data-e-type=\"widget\" data-widget_type=\"image-box.default\">\n\t\t\t\t\t<div class=\"elementor-image-box-wrapper\"><figure class=\"elementor-image-box-img\"><img loading=\"lazy\" decoding=\"async\" width=\"120\" height=\"120\" src=\"https:\/\/www.winesandspirits.com.py\/wp-content\/uploads\/2025\/08\/icono-valores.webp\" class=\"elementor-animation-grow attachment-full size-full wp-image-814\" alt=\"\" \/><\/figure><div class=\"elementor-image-box-content\"><h3 class=\"elementor-image-box-title\">VALORES<\/h3><p class=\"elementor-image-box-description\">\u2022 PASION POR NUESTROS CLIENTES Y CONSUMIDORES <br><br>\n\n\u2022 LIBERTAD PARA TRIUNFAR<br><br>\n\n\u2022 ORGULLOSOS DE LO QUE HACEMOS<br><br>\n\n\u2022 SER LOS MEJORES<br><br>\n\n\u2022 VALORARNOS UNOS A OTROS<\/p><\/div><\/div>\t\t\t\t<\/div>\n\t\t\t\t<\/div>\n\t\t<div class=\"elementor-element elementor-element-f39da92 e-con-full e-flex e-con e-child\" data-id=\"f39da92\" data-element_type=\"container\" data-e-type=\"container\">\n\t\t\t\t<div class=\"elementor-element elementor-element-88a59f3 elementor-position-top elementor-widget elementor-widget-image-box\" data-id=\"88a59f3\" data-element_type=\"widget\" data-e-type=\"widget\" data-widget_type=\"image-box.default\">\n\t\t\t\t\t<div class=\"elementor-image-box-wrapper\"><figure class=\"elementor-image-box-img\"><img loading=\"lazy\" decoding=\"async\" width=\"120\" height=\"120\" src=\"https:\/\/www.winesandspirits.com.py\/wp-content\/uploads\/2025\/07\/icono-cultura-nosotros.webp\" class=\"elementor-animation-grow attachment-full size-full wp-image-320\" alt=\"\" \/><\/figure><div class=\"elementor-image-box-content\"><h3 class=\"elementor-image-box-title\">CULTURA<\/h3><p class=\"elementor-image-box-description\">Creamos un entorno donde las personas crecen, se inspiran y encuentran prop\u00f3sito. Atraemos, desarrollamos y acompa\u00f1amos al talento con pasi\u00f3n, porque sabemos que cuando las personas se sienten valoradas y motivadas, los grandes objetivos se alcanzan juntos.<\/p><\/div><\/div>\t\t\t\t<\/div>\n\t\t\t\t<\/div>\n\t\t\t\t\t<\/div>\n\t\t\t\t<\/div>\n\t\t<div class=\"elementor-element elementor-element-d6caba0 e-grid e-con-boxed e-con e-parent\" data-id=\"d6caba0\" data-element_type=\"container\" data-e-type=\"container\">\n\t\t\t\t\t<div class=\"e-con-inner\">\n\t\t\t\t<div class=\"elementor-element elementor-element-4b57f84 elementor-widget elementor-widget-image\" data-id=\"4b57f84\" data-element_type=\"widget\" data-e-type=\"widget\" data-widget_type=\"image.default\">\n\t\t\t\t\t\t\t\t\t\t\t\t\t\t\t<img loading=\"lazy\" decoding=\"async\" width=\"776\" height=\"623\" src=\"https:\/\/www.winesandspirits.com.py\/wp-content\/uploads\/2025\/08\/rotulos-nosotros-02.webp\" class=\"attachment-large size-large wp-image-832\" alt=\"\" srcset=\"https:\/\/www.winesandspirits.com.py\/wp-content\/uploads\/2025\/08\/rotulos-nosotros-02.webp 776w, https:\/\/www.winesandspirits.com.py\/wp-content\/uploads\/2025\/08\/rotulos-nosotros-02-300x241.webp 300w, https:\/\/www.winesandspirits.com.py\/wp-content\/uploads\/2025\/08\/rotulos-nosotros-02-768x617.webp 768w\" sizes=\"(max-width: 776px) 100vw, 776px\" \/>\t\t\t\t\t\t\t\t\t\t\t\t\t\t\t<\/div>\n\t\t<div class=\"elementor-element elementor-element-5a6accb e-con-full e-flex e-con e-child\" data-id=\"5a6accb\" data-element_type=\"container\" data-e-type=\"container\">\n\t\t\t\t<div class=\"elementor-element elementor-element-29d2ca3 elementor-widget elementor-widget-text-editor\" data-id=\"29d2ca3\" data-element_type=\"widget\" data-e-type=\"widget\" data-widget_type=\"text-editor.default\">\n\t\t\t\t\t\t\t\t\t<p><em>Nuestro Prop\u00f3sito<\/em><\/p>\t\t\t\t\t\t\t\t<\/div>\n\t\t\t\t<div class=\"elementor-element elementor-element-1caa5fb elementor-widget elementor-widget-text-editor\" data-id=\"1caa5fb\" data-element_type=\"widget\" data-e-type=\"widget\" data-widget_type=\"text-editor.default\">\n\t\t\t\t\t\t\t\t\t<p style=\"text-align: center;\">CELEBRAMOS LA VIDA<\/p>\n<p style=\"text-align: center;\"><span style=\"font-size: 42px; font-weight: bold; color: #ffcc00;\">TODOS LOS D\u00cdAS<\/span><\/p>\t\t\t\t\t\t\t\t<\/div>\n\t\t\t\t<div class=\"elementor-element elementor-element-4feebef elementor-widget elementor-widget-text-editor\" data-id=\"4feebef\" data-element_type=\"widget\" data-e-type=\"widget\" data-widget_type=\"text-editor.default\">\n\t\t\t\t\t\t\t\t\t<p>Creemos que cada d\u00eda merece ser celebrado. No se trata solo de grandes ocasiones, sino de esos momentos cotidianos que, con la compa\u00f1\u00eda adecuada y una copa excepcional, se transforman en recuerdos inolvidables. Inspirados por esta filosof\u00eda, acercamos al mercado marcas de clase mundial que elevan cada encuentro, cada brindis y cada experiencia. Porque la vida no se mide solo en a\u00f1os, sino en instantes que valen la pena celebrar.<\/p>\t\t\t\t\t\t\t\t<\/div>\n\t\t\t\t<\/div>\n\t\t\t\t\t<\/div>\n\t\t\t\t<\/div>\n\t\t<div class=\"elementor-element elementor-element-2ba34ec e-grid e-con-boxed e-con e-parent\" data-id=\"2ba34ec\" data-element_type=\"container\" data-e-type=\"container\">\n\t\t\t\t\t<div class=\"e-con-inner\">\n\t\t<div class=\"elementor-element elementor-element-ea48ce1 e-con-full e-flex e-con e-child\" data-id=\"ea48ce1\" data-element_type=\"container\" data-e-type=\"container\">\n\t\t\t\t<div class=\"elementor-element elementor-element-99b4d2e elementor-widget elementor-widget-image\" data-id=\"99b4d2e\" data-element_type=\"widget\" data-e-type=\"widget\" data-widget_type=\"image.default\">\n\t\t\t\t\t\t\t\t\t\t\t\t\t\t\t<img loading=\"lazy\" decoding=\"async\" width=\"120\" height=\"120\" src=\"https:\/\/www.winesandspirits.com.py\/wp-content\/uploads\/2025\/07\/icono-copa-nosotros.webp\" class=\"attachment-thumbnail size-thumbnail wp-image-361\" alt=\"\" \/>\t\t\t\t\t\t\t\t\t\t\t\t\t\t\t<\/div>\n\t\t\t\t<div class=\"elementor-element elementor-element-86144b8 elementor-widget elementor-widget-text-editor\" data-id=\"86144b8\" data-element_type=\"widget\" data-e-type=\"widget\" data-widget_type=\"text-editor.default\">\n\t\t\t\t\t\t\t\t\t<h2><em><strong>Reconocimientos<\/strong><\/em> que celebran nuestra excelencia<\/h2>\t\t\t\t\t\t\t\t<\/div>\n\t\t<div class=\"elementor-element elementor-element-5230e6a e-con-full e-grid e-con e-child\" data-id=\"5230e6a\" data-element_type=\"container\" data-e-type=\"container\">\n\t\t\t\t<div class=\"elementor-element elementor-element-2dbf6f5 elementor-widget elementor-widget-image\" data-id=\"2dbf6f5\" data-element_type=\"widget\" data-e-type=\"widget\" data-widget_type=\"image.default\">\n\t\t\t\t\t\t\t\t\t\t\t\t\t\t\t<img loading=\"lazy\" decoding=\"async\" width=\"800\" height=\"692\" src=\"https:\/\/www.winesandspirits.com.py\/wp-content\/uploads\/2025\/09\/2025-Los-Mejores-Lugares-para-Trabajar-en-America-Latina-badge@2x-1-1024x886.png\" class=\"elementor-animation-grow attachment-large size-large wp-image-1125\" alt=\"\" srcset=\"https:\/\/www.winesandspirits.com.py\/wp-content\/uploads\/2025\/09\/2025-Los-Mejores-Lugares-para-Trabajar-en-America-Latina-badge@2x-1-1024x886.png 1024w, https:\/\/www.winesandspirits.com.py\/wp-content\/uploads\/2025\/09\/2025-Los-Mejores-Lugares-para-Trabajar-en-America-Latina-badge@2x-1-300x260.png 300w, https:\/\/www.winesandspirits.com.py\/wp-content\/uploads\/2025\/09\/2025-Los-Mejores-Lugares-para-Trabajar-en-America-Latina-badge@2x-1-768x665.png 768w, https:\/\/www.winesandspirits.com.py\/wp-content\/uploads\/2025\/09\/2025-Los-Mejores-Lugares-para-Trabajar-en-America-Latina-badge@2x-1-1536x1330.png 1536w, https:\/\/www.winesandspirits.com.py\/wp-content\/uploads\/2025\/09\/2025-Los-Mejores-Lugares-para-Trabajar-en-America-Latina-badge@2x-1.png 1592w\" sizes=\"(max-width: 800px) 100vw, 800px\" \/>\t\t\t\t\t\t\t\t\t\t\t\t\t\t\t<\/div>\n\t\t\t\t<div class=\"elementor-element elementor-element-0d43aa9 elementor-widget elementor-widget-image\" data-id=\"0d43aa9\" data-element_type=\"widget\" data-e-type=\"widget\" data-widget_type=\"image.default\">\n\t\t\t\t\t\t\t\t\t\t\t\t\t\t\t<img loading=\"lazy\" decoding=\"async\" width=\"800\" height=\"800\" src=\"https:\/\/www.winesandspirits.com.py\/wp-content\/uploads\/2025\/07\/2025_PARAGUAY_los_mejores_lugares_para_trabajar-1024x1024.jpg\" class=\"elementor-animation-grow attachment-large size-large wp-image-364\" alt=\"Great Place to Work 2025\" srcset=\"https:\/\/www.winesandspirits.com.py\/wp-content\/uploads\/2025\/07\/2025_PARAGUAY_los_mejores_lugares_para_trabajar-1024x1024.jpg 1024w, https:\/\/www.winesandspirits.com.py\/wp-content\/uploads\/2025\/07\/2025_PARAGUAY_los_mejores_lugares_para_trabajar-300x300.jpg 300w, https:\/\/www.winesandspirits.com.py\/wp-content\/uploads\/2025\/07\/2025_PARAGUAY_los_mejores_lugares_para_trabajar-150x150.jpg 150w, https:\/\/www.winesandspirits.com.py\/wp-content\/uploads\/2025\/07\/2025_PARAGUAY_los_mejores_lugares_para_trabajar-768x768.jpg 768w, https:\/\/www.winesandspirits.com.py\/wp-content\/uploads\/2025\/07\/2025_PARAGUAY_los_mejores_lugares_para_trabajar-1536x1536.jpg 1536w, https:\/\/www.winesandspirits.com.py\/wp-content\/uploads\/2025\/07\/2025_PARAGUAY_los_mejores_lugares_para_trabajar-2048x2048.jpg 2048w\" sizes=\"(max-width: 800px) 100vw, 800px\" \/>\t\t\t\t\t\t\t\t\t\t\t\t\t\t\t<\/div>\n\t\t\t\t<div class=\"elementor-element elementor-element-f8a193b elementor-widget elementor-widget-image\" data-id=\"f8a193b\" data-element_type=\"widget\" data-e-type=\"widget\" data-widget_type=\"image.default\">\n\t\t\t\t\t\t\t\t\t\t\t\t\t\t\t<img loading=\"lazy\" decoding=\"async\" width=\"800\" height=\"800\" src=\"https:\/\/www.winesandspirits.com.py\/wp-content\/uploads\/2025\/10\/2025_Paraguay_Cultura-Innovadora.jpg\" class=\"elementor-animation-grow attachment-large size-large wp-image-1271\" alt=\"\" srcset=\"https:\/\/www.winesandspirits.com.py\/wp-content\/uploads\/2025\/10\/2025_Paraguay_Cultura-Innovadora.jpg 900w, https:\/\/www.winesandspirits.com.py\/wp-content\/uploads\/2025\/10\/2025_Paraguay_Cultura-Innovadora-300x300.jpg 300w, https:\/\/www.winesandspirits.com.py\/wp-content\/uploads\/2025\/10\/2025_Paraguay_Cultura-Innovadora-150x150.jpg 150w, https:\/\/www.winesandspirits.com.py\/wp-content\/uploads\/2025\/10\/2025_Paraguay_Cultura-Innovadora-768x768.jpg 768w\" sizes=\"(max-width: 800px) 100vw, 800px\" \/>\t\t\t\t\t\t\t\t\t\t\t\t\t\t\t<\/div>\n\t\t\t\t<div class=\"elementor-element elementor-element-9546122 elementor-widget elementor-widget-image\" data-id=\"9546122\" data-element_type=\"widget\" data-e-type=\"widget\" data-widget_type=\"image.default\">\n\t\t\t\t\t\t\t\t\t\t\t\t\t\t\t<img loading=\"lazy\" decoding=\"async\" width=\"600\" height=\"600\" src=\"https:\/\/www.winesandspirits.com.py\/wp-content\/uploads\/2025\/07\/mujeres-2025.png\" class=\"elementor-animation-grow attachment-large size-large wp-image-366\" alt=\"Great Place to Work 2025\" srcset=\"https:\/\/www.winesandspirits.com.py\/wp-content\/uploads\/2025\/07\/mujeres-2025.png 600w, https:\/\/www.winesandspirits.com.py\/wp-content\/uploads\/2025\/07\/mujeres-2025-300x300.png 300w, https:\/\/www.winesandspirits.com.py\/wp-content\/uploads\/2025\/07\/mujeres-2025-150x150.png 150w\" sizes=\"(max-width: 600px) 100vw, 600px\" \/>\t\t\t\t\t\t\t\t\t\t\t\t\t\t\t<\/div>\n\t\t\t\t<\/div>\n\t\t\t\t<\/div>\n\t\t\t\t\t<\/div>\n\t\t\t\t<\/div>\n\t\t\t\t<\/div>\n\t\t","protected":false},"excerpt":{"rendered":"<p>Somos l\u00edderesen bebidas premium Quienes somos En octubre de 2006 nace una alianza estrat\u00e9gica entre Distribuidora Gloria S.A. y EDESA, con el prop\u00f3sito de importar, representar y distribuir en exclusiva un portafolio de bebidas alcoh\u00f3licas Premium. Desde entonces, nos consolidamos como representantes oficiales de DIAGEO, una de las compa\u00f1\u00edas l\u00edderes a nivel mundial en la [&hellip;]<\/p>\n","protected":false},"author":1,"featured_media":0,"parent":0,"menu_order":0,"comment_status":"closed","ping_status":"closed","template":"","meta":{"_uag_custom_page_level_css":"","footnotes":""},"class_list":["post-233","page","type-page","status-publish","hentry"],"uagb_featured_image_src":{"full":false,"thumbnail":false,"medium":false,"medium_large":false,"large":false,"1536x1536":false,"2048x2048":false},"uagb_author_info":{"display_name":"admin","author_link":"https:\/\/www.winesandspirits.com.py\/index.php\/author\/admin-2-2-2-2-2-2-2-2-2-2-2-2-2-2\/"},"uagb_comment_info":0,"uagb_excerpt":"Somos l\u00edderesen bebidas premium Quienes somos En octubre de 2006 nace una alianza estrat\u00e9gica entre Distribuidora Gloria S.A. y EDESA, con el prop\u00f3sito de importar, representar y distribuir en exclusiva un portafolio de bebidas alcoh\u00f3licas Premium. Desde entonces, nos consolidamos como representantes oficiales de DIAGEO, una de las compa\u00f1\u00edas l\u00edderes a nivel mundial en la&hellip;","rttpg_featured_image_url":null,"rttpg_author":{"display_name":"admin","author_link":"https:\/\/www.winesandspirits.com.py\/index.php\/author\/admin-2-2-2-2-2-2-2-2-2-2-2-2-2-2\/"},"rttpg_comment":0,"rttpg_category":null,"rttpg_excerpt":"Somos l\u00edderesen bebidas premium Quienes somos En octubre de 2006 nace una alianza estrat\u00e9gica entre Distribuidora Gloria S.A. y EDESA, con el prop\u00f3sito de importar, representar y distribuir en exclusiva un portafolio de bebidas alcoh\u00f3licas Premium. Desde entonces, nos consolidamos como representantes oficiales de DIAGEO, una de las compa\u00f1\u00edas l\u00edderes a nivel mundial en la&hellip;","_links":{"self":[{"href":"https:\/\/www.winesandspirits.com.py\/index.php\/wp-json\/wp\/v2\/pages\/233","targetHints":{"allow":["GET"]}}],"collection":[{"href":"https:\/\/www.winesandspirits.com.py\/index.php\/wp-json\/wp\/v2\/pages"}],"about":[{"href":"https:\/\/www.winesandspirits.com.py\/index.php\/wp-json\/wp\/v2\/types\/page"}],"author":[{"embeddable":true,"href":"https:\/\/www.winesandspirits.com.py\/index.php\/wp-json\/wp\/v2\/users\/1"}],"replies":[{"embeddable":true,"href":"https:\/\/www.winesandspirits.com.py\/index.php\/wp-json\/wp\/v2\/comments?post=233"}],"version-history":[{"count":184,"href":"https:\/\/www.winesandspirits.com.py\/index.php\/wp-json\/wp\/v2\/pages\/233\/revisions"}],"predecessor-version":[{"id":1280,"href":"https:\/\/www.winesandspirits.com.py\/index.php\/wp-json\/wp\/v2\/pages\/233\/revisions\/1280"}],"wp:attachment":[{"href":"https:\/\/www.winesandspirits.com.py\/index.php\/wp-json\/wp\/v2\/media?parent=233"}],"curies":[{"name":"wp","href":"https:\/\/api.w.org\/{rel}","templated":true}]}}