{"id":415,"date":"2025-07-25T17:55:47","date_gmt":"2025-07-25T17:55:47","guid":{"rendered":"http:\/\/185.156.219.144\/~z143079\/wines\/?page_id=415"},"modified":"2025-07-28T12:26:03","modified_gmt":"2025-07-28T12:26:03","slug":"noticias","status":"publish","type":"page","link":"https:\/\/www.winesandspirits.com.py\/index.php\/noticias\/","title":{"rendered":"noticias"},"content":{"rendered":"\t\t<div data-elementor-type=\"wp-page\" data-elementor-id=\"415\" class=\"elementor elementor-415\" data-elementor-post-type=\"page\">\n\t\t\t\t<div class=\"elementor-element elementor-element-72bb606 e-grid e-con-full e-con e-parent\" data-id=\"72bb606\" data-element_type=\"container\" data-e-type=\"container\" data-settings=\"{&quot;background_background&quot;:&quot;classic&quot;}\">\n\t\t\t\t<div class=\"elementor-element elementor-element-4f3242e elementor-widget elementor-widget-heading\" data-id=\"4f3242e\" data-element_type=\"widget\" data-e-type=\"widget\" data-widget_type=\"heading.default\">\n\t\t\t\t\t<h2 class=\"elementor-heading-title elementor-size-default\">NOTICIAS<\/h2>\t\t\t\t<\/div>\n\t\t\t\t<\/div>\n\t\t<div class=\"elementor-element elementor-element-e3e2348 e-flex e-con-boxed e-con e-parent\" data-id=\"e3e2348\" data-element_type=\"container\" data-e-type=\"container\">\n\t\t\t\t\t<div class=\"e-con-inner\">\n\t\t\t\t<div class=\"elementor-element elementor-element-1baacbe tpg-wrapper-align-center meta-visibility-show title_position_default title_hover_border_default title-default img_hover_animation_default meta_position_default tpg-category-position-default readmore-btn-default-style grid-hover-overlay-type-always tpg-el-box-border-enable tpg-border-bottom-disable elementor-widget elementor-widget-tpg-grid-layout\" data-id=\"1baacbe\" data-element_type=\"widget\" data-e-type=\"widget\" data-widget_type=\"tpg-grid-layout.default\">\n\t\t\t\t<div class=\"elementor-widget-container\">\n\t\t\t\t\t\t\t<div class=\"rt-container-fluid rt-tpg-container tpg-el-main-wrapper clearfix grid-layout3-main \"\n\t\t\t id=\"rt-tpg-container-2885196751\"\n\t\t\t data-layout=\"grid-layout3\"\n\t\t\t data-grid-style=\"tpg-full-height\"\n\t\t\t data-sc-id=\"elementor\"\n\t\t\t data-el-settings=''\n\t\t\t data-el-query=''\n\t\t\t data-el-path=''\n\t\t>\n\t\t\t\t\t\t<div class='tpg-header-wrapper '>\n\t\t\t\t\t\t\t<\/div>\n\n\t\t\t<div data-title=\"Loading ...\" class=\"rt-row rt-content-loader grid-layout3 grid-behaviour tpg-full-height grid_layout_wrapper\">\n\t\t\t\t<div class='no_posts_found_text rt-col-xs-12'>No se han encontrado entradas.<\/div>\t\t\t<\/div>\n\t\t\t\n\t\t<\/div>\n\t\t\t\t\t\t<\/div>\n\t\t\t\t<\/div>\n\t\t\t\t\t<\/div>\n\t\t\t\t<\/div>\n\t\t\t\t<\/div>\n\t\t","protected":false},"excerpt":{"rendered":"<p>NOTICIAS Tendencias de consumo en Asunci\u00f3n: c\u00f3cteles premium y experiencias multisensoriales julio 28, 2025 NOTICIAS Asunci\u00f3n est\u00e1 viviendo una revoluci\u00f3n en la forma de disfrutar bebidas alcoh\u00f3licas. Los bares de autor y espacios gastron\u00f3micos est\u00e1n apostando por c\u00f3cteles premium elaborados con destilados de alta&#8230; Leer m\u00e1s El auge del vino paraguayo: tradici\u00f3n e innovaci\u00f3n en [&hellip;]<\/p>\n","protected":false},"author":1,"featured_media":0,"parent":0,"menu_order":0,"comment_status":"closed","ping_status":"closed","template":"","meta":{"_uag_custom_page_level_css":"","footnotes":""},"class_list":["post-415","page","type-page","status-publish","hentry"],"uagb_featured_image_src":{"full":false,"thumbnail":false,"medium":false,"medium_large":false,"large":false,"1536x1536":false,"2048x2048":false},"uagb_author_info":{"display_name":"admin","author_link":"https:\/\/www.winesandspirits.com.py\/index.php\/author\/admin-2-2-2-2-2-2-2-2-2-2-2-2-2-2\/"},"uagb_comment_info":0,"uagb_excerpt":"NOTICIAS Tendencias de consumo en Asunci\u00f3n: c\u00f3cteles premium y experiencias multisensoriales julio 28, 2025 NOTICIAS Asunci\u00f3n est\u00e1 viviendo una revoluci\u00f3n en la forma de disfrutar bebidas alcoh\u00f3licas. Los bares de autor y espacios gastron\u00f3micos est\u00e1n apostando por c\u00f3cteles premium elaborados con destilados de alta&#8230; Leer m\u00e1s El auge del vino paraguayo: tradici\u00f3n e innovaci\u00f3n en&hellip;","rttpg_featured_image_url":null,"rttpg_author":{"display_name":"admin","author_link":"https:\/\/www.winesandspirits.com.py\/index.php\/author\/admin-2-2-2-2-2-2-2-2-2-2-2-2-2-2\/"},"rttpg_comment":0,"rttpg_category":null,"rttpg_excerpt":"NOTICIAS Tendencias de consumo en Asunci\u00f3n: c\u00f3cteles premium y experiencias multisensoriales julio 28, 2025 NOTICIAS Asunci\u00f3n est\u00e1 viviendo una revoluci\u00f3n en la forma de disfrutar bebidas alcoh\u00f3licas. Los bares de autor y espacios gastron\u00f3micos est\u00e1n apostando por c\u00f3cteles premium elaborados con destilados de alta&#8230; Leer m\u00e1s El auge del vino paraguayo: tradici\u00f3n e innovaci\u00f3n en&hellip;","_links":{"self":[{"href":"https:\/\/www.winesandspirits.com.py\/index.php\/wp-json\/wp\/v2\/pages\/415","targetHints":{"allow":["GET"]}}],"collection":[{"href":"https:\/\/www.winesandspirits.com.py\/index.php\/wp-json\/wp\/v2\/pages"}],"about":[{"href":"https:\/\/www.winesandspirits.com.py\/index.php\/wp-json\/wp\/v2\/types\/page"}],"author":[{"embeddable":true,"href":"https:\/\/www.winesandspirits.com.py\/index.php\/wp-json\/wp\/v2\/users\/1"}],"replies":[{"embeddable":true,"href":"https:\/\/www.winesandspirits.com.py\/index.php\/wp-json\/wp\/v2\/comments?post=415"}],"version-history":[{"count":28,"href":"https:\/\/www.winesandspirits.com.py\/index.php\/wp-json\/wp\/v2\/pages\/415\/revisions"}],"predecessor-version":[{"id":504,"href":"https:\/\/www.winesandspirits.com.py\/index.php\/wp-json\/wp\/v2\/pages\/415\/revisions\/504"}],"wp:attachment":[{"href":"https:\/\/www.winesandspirits.com.py\/index.php\/wp-json\/wp\/v2\/media?parent=415"}],"curies":[{"name":"wp","href":"https:\/\/api.w.org\/{rel}","templated":true}]}}