{"id":417,"date":"2025-07-25T17:56:03","date_gmt":"2025-07-25T17:56:03","guid":{"rendered":"http:\/\/185.156.219.144\/~z143079\/wines\/?page_id=417"},"modified":"2025-10-10T17:20:34","modified_gmt":"2025-10-10T17:20:34","slug":"rrhh","status":"publish","type":"page","link":"https:\/\/www.winesandspirits.com.py\/index.php\/rrhh\/","title":{"rendered":"rrhh"},"content":{"rendered":"\t\t<div data-elementor-type=\"wp-page\" data-elementor-id=\"417\" class=\"elementor elementor-417\" data-elementor-post-type=\"page\">\n\t\t\t\t<div class=\"elementor-element elementor-element-5451239 e-grid e-con-full e-con e-parent\" data-id=\"5451239\" data-element_type=\"container\" data-e-type=\"container\" data-settings=\"{&quot;background_background&quot;:&quot;classic&quot;}\">\n\t\t\t\t<div class=\"elementor-element elementor-element-32f3cbf elementor-widget__width-initial elementor-widget elementor-widget-text-editor\" data-id=\"32f3cbf\" data-element_type=\"widget\" data-e-type=\"widget\" data-widget_type=\"text-editor.default\">\n\t\t\t\t\t\t\t\t\t<p>Sumate a un equipo que valora a las personas, impulsa el talento y celebra cada logro juntos.<\/p>\n<p><strong><em>En Wines, trabajamos<\/em><\/strong> con pasi\u00f3n creatividad y compromiso, lo que nos ha convertido en uno de los <em><strong>Mejores Lugares para Trabajar en Paraguay y Latinoam\u00e9rica.<\/strong><\/em><\/p>\t\t\t\t\t\t\t\t<\/div>\n\t\t\t\t<div class=\"elementor-element elementor-element-ae36edb elementor-button-align-stretch elementor-widget elementor-widget-form\" data-id=\"ae36edb\" data-element_type=\"widget\" data-e-type=\"widget\" data-settings=\"{&quot;step_next_label&quot;:&quot;Next&quot;,&quot;step_previous_label&quot;:&quot;Previous&quot;,&quot;button_width&quot;:&quot;100&quot;,&quot;step_type&quot;:&quot;number_text&quot;,&quot;step_icon_shape&quot;:&quot;circle&quot;}\" data-widget_type=\"form.default\">\n\t\t\t\t\t\t\t<form class=\"elementor-form\" method=\"post\" name=\"Enviar-cv\" aria-label=\"Enviar-cv\">\n\t\t\t<input type=\"hidden\" name=\"post_id\" value=\"417\"\/>\n\t\t\t<input type=\"hidden\" name=\"form_id\" value=\"ae36edb\"\/>\n\t\t\t<input type=\"hidden\" name=\"referer_title\" value=\"rrhh\" \/>\n\n\t\t\t\t\t\t\t<input type=\"hidden\" name=\"queried_id\" value=\"417\"\/>\n\t\t\t\n\t\t\t<div class=\"elementor-form-fields-wrapper elementor-labels-\">\n\t\t\t\t\t\t\t\t<div class=\"elementor-field-type-upload elementor-field-group elementor-column elementor-field-group-field_40f897a elementor-col-100 elementor-field-required\">\n\t\t\t\t\t\t\t\t\t\t\t\t<label for=\"form-field-field_40f897a\" class=\"elementor-field-label elementor-screen-only\">\n\t\t\t\t\t\t\t\tEvianos tu CV\t\t\t\t\t\t\t<\/label>\n\t\t\t\t\t\t\t\t<input type=\"file\" name=\"form_fields[field_40f897a]\" id=\"form-field-field_40f897a\" class=\"elementor-field elementor-size-sm  elementor-upload-field\" required=\"required\">\n\n\t\t\t\t\t\t<\/div>\n\t\t\t\t\t\t\t\t<div class=\"elementor-field-type-recaptcha_v3 elementor-field-group elementor-column elementor-field-group-field_8d63e64 elementor-col-100 recaptcha_v3-bottomright\">\n\t\t\t\t\t<div class=\"elementor-field\" id=\"form-field-field_8d63e64\"><div class=\"elementor-g-recaptcha\" data-sitekey=\"6Le00McrAAAAAPIYPphxBz6CnQGj36dc-VL5pwaK\" data-type=\"v3\" data-action=\"Form\" data-badge=\"bottomright\" data-size=\"invisible\"><\/div><\/div>\t\t\t\t<\/div>\n\t\t\t\t\t\t\t\t<div class=\"elementor-field-group elementor-column elementor-field-type-submit elementor-col-100 e-form__buttons\">\n\t\t\t\t\t<button class=\"elementor-button elementor-size-sm\" type=\"submit\">\n\t\t\t\t\t\t<span class=\"elementor-button-content-wrapper\">\n\t\t\t\t\t\t\t\t\t\t\t\t\t\t\t\t\t\t\t\t\t\t<span class=\"elementor-button-text\">Envianos tu CV<\/span>\n\t\t\t\t\t\t\t\t\t\t\t\t\t<\/span>\n\t\t\t\t\t<\/button>\n\t\t\t\t<\/div>\n\t\t\t<\/div>\n\t\t<\/form>\n\t\t\t\t\t\t<\/div>\n\t\t\t\t<div class=\"elementor-element elementor-element-4e40949 elementor-widget elementor-widget-heading\" data-id=\"4e40949\" data-element_type=\"widget\" data-e-type=\"widget\" data-widget_type=\"heading.default\">\n\t\t\t\t\t<h2 class=\"elementor-heading-title elementor-size-default\">...<\/h2>\t\t\t\t<\/div>\n\t\t\t\t<\/div>\n\t\t<div class=\"elementor-element elementor-element-d34da92 e-flex e-con-boxed e-con e-parent\" data-id=\"d34da92\" data-element_type=\"container\" data-e-type=\"container\">\n\t\t\t\t\t<div class=\"e-con-inner\">\n\t\t\t\t<div class=\"elementor-element elementor-element-55d7df3 meta-visibility-show img_hover_animation_default meta_position_default readmore-btn-default-style grid-hover-overlay-type-always tpg-el-box-border-enable tpg-border-bottom-disable elementor-widget elementor-widget-tpg-grid-layout\" data-id=\"55d7df3\" data-element_type=\"widget\" data-e-type=\"widget\" data-widget_type=\"tpg-grid-layout.default\">\n\t\t\t\t<div class=\"elementor-widget-container\">\n\t\t\t\t\t\t\t<div class=\"rt-container-fluid rt-tpg-container tpg-el-main-wrapper clearfix grid-layout3-main \"\n\t\t\t id=\"rt-tpg-container-3193943044\"\n\t\t\t data-layout=\"grid-layout3\"\n\t\t\t data-grid-style=\"tpg-full-height\"\n\t\t\t data-sc-id=\"elementor\"\n\t\t\t data-el-settings=''\n\t\t\t data-el-query=''\n\t\t\t data-el-path=''\n\t\t>\n\t\t\t\t\t\t<div class='tpg-header-wrapper '>\n\t\t\t\t\t\t\t<\/div>\n\n\t\t\t<div data-title=\"Loading ...\" class=\"rt-row rt-content-loader grid-layout3 grid-behaviour tpg-full-height grid_layout_wrapper\">\n\t\t\t\t\n<div class=\"rt-col-md-4 rt-col-sm-6 rt-col-xs-12 default rt-grid-item\" data-id=\"1244\">\n\t<div class=\"rt-holder tpg-post-holder \">\n\t\t<div class=\"rt-detail rt-el-content-wrapper\">\n\t\t\t\t\t\t\t<div class=\"rt-img-holder tpg-el-image-wrap has-thumbnail\">\n\t\t\t\t\t<a data-id=\"1244\" href=\"https:\/\/www.winesandspirits.com.py\/index.php\/2025\/10\/10\/vendedor-cajero-para-shopping-encarnacion\/\" class=\"tpg-post-link\" target=\"_self\">                        <img fetchpriority=\"high\" decoding=\"async\" src=\"https:\/\/www.winesandspirits.com.py\/wp-content\/uploads\/2025\/10\/vendedor-cajero.jpg\"\n                             class=\"rt-img-responsive\"\n                             width=\"513\"\n                             height=\"643\"\n                             alt=\"VENDEDOR &#8211; CAJERO PARA SHOPPING &#8211; ENCARNACI\u00d3N\">\n\t\t\t\t\t\t\n\t\t\t\t\t\t\t\n\t\t<\/a>\n\t\t        <div class=\"overlay grid-hover-content\"><\/div>\n\t\t\t\t\t\t<\/div>\n\t\t\t\n\n\t\t\t\n\t\t\t\t\t\t\t<div class=\"post-meta-tags rt-el-post-meta\">\n\t\t\t\t\t\t\t\t\t<\/div>\n\t\t\t\n\t\t\t\n\t\t\t        <div class=\"post-footer\">\n            <div class=\"post-footer\">\n                <div class=\"read-more\">\n\t\t\t\t\t<a data-id=\"1244\" href=\"https:\/\/www.winesandspirits.com.py\/index.php\/2025\/10\/10\/vendedor-cajero-para-shopping-encarnacion\/\" class=\"tpg-post-link\" target=\"_self\">Leer m\u00e1s<\/a>                <\/div>\n            <\/div>\n        <\/div>\n\t\t\t\t<\/div>\n\t<\/div>\n<\/div>\n\n<div class=\"rt-col-md-4 rt-col-sm-6 rt-col-xs-12 default rt-grid-item\" data-id=\"1241\">\n\t<div class=\"rt-holder tpg-post-holder \">\n\t\t<div class=\"rt-detail rt-el-content-wrapper\">\n\t\t\t\t\t\t\t<div class=\"rt-img-holder tpg-el-image-wrap has-thumbnail\">\n\t\t\t\t\t<a data-id=\"1241\" href=\"https:\/\/www.winesandspirits.com.py\/index.php\/2025\/10\/10\/repositor-pdv-cordillera\/\" class=\"tpg-post-link\" target=\"_self\">                        <img decoding=\"async\" src=\"https:\/\/www.winesandspirits.com.py\/wp-content\/uploads\/2025\/10\/repositor-pdv.jpg\"\n                             class=\"rt-img-responsive\"\n                             width=\"502\"\n                             height=\"643\"\n                             alt=\"REPOSITOR PDV &#8211; CORDILLERA\">\n\t\t\t\t\t\t\n\t\t\t\t\t\t\t\n\t\t<\/a>\n\t\t        <div class=\"overlay grid-hover-content\"><\/div>\n\t\t\t\t\t\t<\/div>\n\t\t\t\n\n\t\t\t\n\t\t\t\t\t\t\t<div class=\"post-meta-tags rt-el-post-meta\">\n\t\t\t\t\t\t\t\t\t<\/div>\n\t\t\t\n\t\t\t\n\t\t\t        <div class=\"post-footer\">\n            <div class=\"post-footer\">\n                <div class=\"read-more\">\n\t\t\t\t\t<a data-id=\"1241\" href=\"https:\/\/www.winesandspirits.com.py\/index.php\/2025\/10\/10\/repositor-pdv-cordillera\/\" class=\"tpg-post-link\" target=\"_self\">Leer m\u00e1s<\/a>                <\/div>\n            <\/div>\n        <\/div>\n\t\t\t\t<\/div>\n\t<\/div>\n<\/div>\n\n<div class=\"rt-col-md-4 rt-col-sm-6 rt-col-xs-12 default rt-grid-item\" data-id=\"1238\">\n\t<div class=\"rt-holder tpg-post-holder \">\n\t\t<div class=\"rt-detail rt-el-content-wrapper\">\n\t\t\t\t\t\t\t<div class=\"rt-img-holder tpg-el-image-wrap has-thumbnail\">\n\t\t\t\t\t<a data-id=\"1238\" href=\"https:\/\/www.winesandspirits.com.py\/index.php\/2025\/10\/10\/ejecutivo-de-ventas-supermercados-asuncion\/\" class=\"tpg-post-link\" target=\"_self\">                        <img decoding=\"async\" src=\"https:\/\/www.winesandspirits.com.py\/wp-content\/uploads\/2025\/10\/ejecutivo-cuentas.jpg\"\n                             class=\"rt-img-responsive\"\n                             width=\"503\"\n                             height=\"643\"\n                             alt=\"EJECUTIVO DE VENTAS &#8211; SUPERMERCADOS ASUNCI\u00d3N\">\n\t\t\t\t\t\t\n\t\t\t\t\t\t\t\n\t\t<\/a>\n\t\t        <div class=\"overlay grid-hover-content\"><\/div>\n\t\t\t\t\t\t<\/div>\n\t\t\t\n\n\t\t\t\n\t\t\t\t\t\t\t<div class=\"post-meta-tags rt-el-post-meta\">\n\t\t\t\t\t\t\t\t\t<\/div>\n\t\t\t\n\t\t\t\n\t\t\t        <div class=\"post-footer\">\n            <div class=\"post-footer\">\n                <div class=\"read-more\">\n\t\t\t\t\t<a data-id=\"1238\" href=\"https:\/\/www.winesandspirits.com.py\/index.php\/2025\/10\/10\/ejecutivo-de-ventas-supermercados-asuncion\/\" class=\"tpg-post-link\" target=\"_self\">Leer m\u00e1s<\/a>                <\/div>\n            <\/div>\n        <\/div>\n\t\t\t\t<\/div>\n\t<\/div>\n<\/div>\n\n<div class=\"rt-col-md-4 rt-col-sm-6 rt-col-xs-12 default rt-grid-item\" data-id=\"1235\">\n\t<div class=\"rt-holder tpg-post-holder \">\n\t\t<div class=\"rt-detail rt-el-content-wrapper\">\n\t\t\t\t\t\t\t<div class=\"rt-img-holder tpg-el-image-wrap has-thumbnail\">\n\t\t\t\t\t<a data-id=\"1235\" href=\"https:\/\/www.winesandspirits.com.py\/index.php\/2025\/10\/10\/coordinador-de-ventas-canal-moderno-interior-cde\/\" class=\"tpg-post-link\" target=\"_self\">                        <img loading=\"lazy\" decoding=\"async\" src=\"https:\/\/www.winesandspirits.com.py\/wp-content\/uploads\/2025\/10\/coordinador-ventas-interior-768x960.jpg\"\n                             class=\"rt-img-responsive\"\n                             width=\"768\"\n                             height=\"960\"\n                             alt=\"COORDINADOR DE VENTAS &#8211; CANAL MODERNO INTERIOR (CDE)\">\n\t\t\t\t\t\t\n\t\t\t\t\t\t\t\n\t\t<\/a>\n\t\t        <div class=\"overlay grid-hover-content\"><\/div>\n\t\t\t\t\t\t<\/div>\n\t\t\t\n\n\t\t\t\n\t\t\t\t\t\t\t<div class=\"post-meta-tags rt-el-post-meta\">\n\t\t\t\t\t\t\t\t\t<\/div>\n\t\t\t\n\t\t\t\n\t\t\t        <div class=\"post-footer\">\n            <div class=\"post-footer\">\n                <div class=\"read-more\">\n\t\t\t\t\t<a data-id=\"1235\" href=\"https:\/\/www.winesandspirits.com.py\/index.php\/2025\/10\/10\/coordinador-de-ventas-canal-moderno-interior-cde\/\" class=\"tpg-post-link\" target=\"_self\">Leer m\u00e1s<\/a>                <\/div>\n            <\/div>\n        <\/div>\n\t\t\t\t<\/div>\n\t<\/div>\n<\/div>\n\n<div class=\"rt-col-md-4 rt-col-sm-6 rt-col-xs-12 default rt-grid-item\" data-id=\"1232\">\n\t<div class=\"rt-holder tpg-post-holder \">\n\t\t<div class=\"rt-detail rt-el-content-wrapper\">\n\t\t\t\t\t\t\t<div class=\"rt-img-holder tpg-el-image-wrap has-thumbnail\">\n\t\t\t\t\t<a data-id=\"1232\" href=\"https:\/\/www.winesandspirits.com.py\/index.php\/2025\/10\/10\/coordinador-de-ventas-shopping\/\" class=\"tpg-post-link\" target=\"_self\">                        <img loading=\"lazy\" decoding=\"async\" src=\"https:\/\/www.winesandspirits.com.py\/wp-content\/uploads\/2025\/10\/coordinador-ventas.jpg\"\n                             class=\"rt-img-responsive\"\n                             width=\"464\"\n                             height=\"583\"\n                             alt=\"COORDINADOR DE VENTAS &#8211; SHOPPING\">\n\t\t\t\t\t\t\n\t\t\t\t\t\t\t\n\t\t<\/a>\n\t\t        <div class=\"overlay grid-hover-content\"><\/div>\n\t\t\t\t\t\t<\/div>\n\t\t\t\n\n\t\t\t\n\t\t\t\t\t\t\t<div class=\"post-meta-tags rt-el-post-meta\">\n\t\t\t\t\t\t\t\t\t<\/div>\n\t\t\t\n\t\t\t\n\t\t\t        <div class=\"post-footer\">\n            <div class=\"post-footer\">\n                <div class=\"read-more\">\n\t\t\t\t\t<a data-id=\"1232\" href=\"https:\/\/www.winesandspirits.com.py\/index.php\/2025\/10\/10\/coordinador-de-ventas-shopping\/\" class=\"tpg-post-link\" target=\"_self\">Leer m\u00e1s<\/a>                <\/div>\n            <\/div>\n        <\/div>\n\t\t\t\t<\/div>\n\t<\/div>\n<\/div>\n\n<div class=\"rt-col-md-4 rt-col-sm-6 rt-col-xs-12 default rt-grid-item\" data-id=\"1229\">\n\t<div class=\"rt-holder tpg-post-holder \">\n\t\t<div class=\"rt-detail rt-el-content-wrapper\">\n\t\t\t\t\t\t\t<div class=\"rt-img-holder tpg-el-image-wrap has-thumbnail\">\n\t\t\t\t\t<a data-id=\"1229\" href=\"https:\/\/www.winesandspirits.com.py\/index.php\/2025\/10\/10\/asistente-de-marketing-asuncion\/\" class=\"tpg-post-link\" target=\"_self\">                        <img loading=\"lazy\" decoding=\"async\" src=\"https:\/\/www.winesandspirits.com.py\/wp-content\/uploads\/2025\/10\/asistente-mkt.jpg\"\n                             class=\"rt-img-responsive\"\n                             width=\"513\"\n                             height=\"643\"\n                             alt=\"ASISTENTE DE MARKETING &#8211; ASUNCI\u00d3N\">\n\t\t\t\t\t\t\n\t\t\t\t\t\t\t\n\t\t<\/a>\n\t\t        <div class=\"overlay grid-hover-content\"><\/div>\n\t\t\t\t\t\t<\/div>\n\t\t\t\n\n\t\t\t\n\t\t\t\t\t\t\t<div class=\"post-meta-tags rt-el-post-meta\">\n\t\t\t\t\t\t\t\t\t<\/div>\n\t\t\t\n\t\t\t\n\t\t\t        <div class=\"post-footer\">\n            <div class=\"post-footer\">\n                <div class=\"read-more\">\n\t\t\t\t\t<a data-id=\"1229\" href=\"https:\/\/www.winesandspirits.com.py\/index.php\/2025\/10\/10\/asistente-de-marketing-asuncion\/\" class=\"tpg-post-link\" target=\"_self\">Leer m\u00e1s<\/a>                <\/div>\n            <\/div>\n        <\/div>\n\t\t\t\t<\/div>\n\t<\/div>\n<\/div>\n\t\t\t<\/div>\n\t\t\t\n\t\t<\/div>\n\t\t\t\t\t\t<\/div>\n\t\t\t\t<\/div>\n\t\t\t\t\t<\/div>\n\t\t\t\t<\/div>\n\t\t\t\t<\/div>\n\t\t","protected":false},"excerpt":{"rendered":"<p>Sumate a un equipo que valora a las personas, impulsa el talento y celebra cada logro juntos. En Wines, trabajamos con pasi\u00f3n creatividad y compromiso, lo que nos ha convertido en uno de los Mejores Lugares para Trabajar en Paraguay y Latinoam\u00e9rica. &#8230; Leer m\u00e1s Leer m\u00e1s Leer m\u00e1s<\/p>\n","protected":false},"author":1,"featured_media":0,"parent":0,"menu_order":0,"comment_status":"closed","ping_status":"closed","template":"","meta":{"_uag_custom_page_level_css":"","footnotes":""},"class_list":["post-417","page","type-page","status-publish","hentry"],"uagb_featured_image_src":{"full":false,"thumbnail":false,"medium":false,"medium_large":false,"large":false,"1536x1536":false,"2048x2048":false},"uagb_author_info":{"display_name":"admin","author_link":"https:\/\/www.winesandspirits.com.py\/index.php\/author\/admin-2-2-2-2-2-2-2-2-2-2-2-2-2-2\/"},"uagb_comment_info":0,"uagb_excerpt":"Sumate a un equipo que valora a las personas, impulsa el talento y celebra cada logro juntos. En Wines, trabajamos con pasi\u00f3n creatividad y compromiso, lo que nos ha convertido en uno de los Mejores Lugares para Trabajar en Paraguay y Latinoam\u00e9rica. &#8230; Leer m\u00e1s Leer m\u00e1s Leer m\u00e1s","rttpg_featured_image_url":null,"rttpg_author":{"display_name":"admin","author_link":"https:\/\/www.winesandspirits.com.py\/index.php\/author\/admin-2-2-2-2-2-2-2-2-2-2-2-2-2-2\/"},"rttpg_comment":0,"rttpg_category":"","rttpg_excerpt":"Sumate a un equipo que valora a las personas, impulsa el talento y celebra cada logro juntos. En Wines, trabajamos con pasi\u00f3n creatividad y compromiso, lo que nos ha convertido en uno de los Mejores Lugares para Trabajar en Paraguay y Latinoam\u00e9rica. &#8230; Leer m\u00e1s Leer m\u00e1s Leer m\u00e1s","_links":{"self":[{"href":"https:\/\/www.winesandspirits.com.py\/index.php\/wp-json\/wp\/v2\/pages\/417","targetHints":{"allow":["GET"]}}],"collection":[{"href":"https:\/\/www.winesandspirits.com.py\/index.php\/wp-json\/wp\/v2\/pages"}],"about":[{"href":"https:\/\/www.winesandspirits.com.py\/index.php\/wp-json\/wp\/v2\/types\/page"}],"author":[{"embeddable":true,"href":"https:\/\/www.winesandspirits.com.py\/index.php\/wp-json\/wp\/v2\/users\/1"}],"replies":[{"embeddable":true,"href":"https:\/\/www.winesandspirits.com.py\/index.php\/wp-json\/wp\/v2\/comments?post=417"}],"version-history":[{"count":106,"href":"https:\/\/www.winesandspirits.com.py\/index.php\/wp-json\/wp\/v2\/pages\/417\/revisions"}],"predecessor-version":[{"id":1270,"href":"https:\/\/www.winesandspirits.com.py\/index.php\/wp-json\/wp\/v2\/pages\/417\/revisions\/1270"}],"wp:attachment":[{"href":"https:\/\/www.winesandspirits.com.py\/index.php\/wp-json\/wp\/v2\/media?parent=417"}],"curies":[{"name":"wp","href":"https:\/\/api.w.org\/{rel}","templated":true}]}}